{"id":628,"date":"2025-02-23T21:11:28","date_gmt":"2025-02-23T20:11:28","guid":{"rendered":"https:\/\/keyllforetjardin.com\/?page_id=628"},"modified":"2025-02-25T16:02:18","modified_gmt":"2025-02-25T15:02:18","slug":"ateliers-chantiers","status":"publish","type":"page","link":"https:\/\/keyllforetjardin.com\/index.php\/ateliers-chantiers\/","title":{"rendered":"CHANTIERS PARTICIPATIFS"},"content":{"rendered":"\n<figure class=\"wp-block-image size-large\"><img loading=\"lazy\" decoding=\"async\" width=\"1024\" height=\"512\" src=\"http:\/\/keyllforetjardin.com\/wp-content\/uploads\/2024\/06\/IMG_7474b-1024x512.jpg\" alt=\"\" class=\"wp-image-601\" srcset=\"https:\/\/keyllforetjardin.com\/wp-content\/uploads\/2024\/06\/IMG_7474b-1024x512.jpg 1024w, https:\/\/keyllforetjardin.com\/wp-content\/uploads\/2024\/06\/IMG_7474b-300x150.jpg 300w, https:\/\/keyllforetjardin.com\/wp-content\/uploads\/2024\/06\/IMG_7474b-768x384.jpg 768w\" sizes=\"auto, (max-width: 1024px) 100vw, 1024px\" \/><\/figure>\n\n\n\n<p>Nos&nbsp;<strong>chantiers participatifs<\/strong>&nbsp;sont ouverts \u00e0 toutes et \u00e0 tous, quel que soit votre niveau d\u2019exp\u00e9rience. Ces journ\u00e9es de travail collectif sont l\u2019occasion de participer concr\u00e8tement \u00e0 l\u2019am\u00e9nagement du jardin, de d\u00e9couvrir nos techniques et pratiques de culture durable, et de vivre une exp\u00e9rience enrichissante et conviviale.<\/p>\n\n\n\n<ul class=\"wp-block-list\">\n<li><strong>Quand<\/strong>\u00a0: Les chantiers ont lieu tout au long de l\u2019ann\u00e9e les\u00a0<strong>jeudis<\/strong>\u00a0<strong>apr\u00e8s midi<\/strong> et certain <strong>samedi<\/strong> en fonction des besoins du projet et des saisons. Si vous \u00eates de passage, n\u2019h\u00e9sitez pas \u00e0 nous contacter.<\/li>\n\n\n\n<li><strong>O\u00f9<\/strong>&nbsp;: Sur notre site de&nbsp;<strong>Keyll For\u00eat Jardin<\/strong>, \u00e0 Landevant, dans le Morbihan.<\/li>\n\n\n\n<li><strong>Pour qui<\/strong>&nbsp;: Ces chantiers sont ouverts \u00e0 toutes et \u00e0 tous, des b\u00e9n\u00e9voles d\u00e9butants aux plus exp\u00e9riment\u00e9s. Nous encourageons les familles, les groupes et les individuels \u00e0 participer.<\/li>\n\n\n\n<li><strong>Pourquoi participer ?<\/strong>&nbsp;: Vous aurez l\u2019opportunit\u00e9 d\u2019apprendre en faisant, de rencontrer d\u2019autres passionn\u00e9s tout en contribuant \u00e0 la r\u00e9alisation de notre projet.<\/li>\n<\/ul>\n\n\n\n<h3 class=\"wp-block-heading\"><strong>Activit\u00e9s lors des chantiers<\/strong>&nbsp;:<\/h3>\n\n\n\n<p>Les chantiers participatifs couvrent un large \u00e9ventail d\u2019activit\u00e9s :<\/p>\n\n\n\n<p><strong>Entretien de la lande et des espaces naturels<\/strong>&nbsp;: Travaux de gestion diff\u00e9renci\u00e9e des espaces, de d\u00e9broussaillage et de nettoyage pour favoriser la biodiversit\u00e9.<\/p>\n\n\n\n<p><strong>Plantation d\u2019arbres et d\u2019arbustes<\/strong>&nbsp;: Nous plantons des essences vari\u00e9es adapt\u00e9es \u00e0 la for\u00eat-jardin et \u00e0 l\u2019\u00e9cosyst\u00e8me local, incluant des fruitiers, des plantes m\u00e9dicinales et des esp\u00e8ces end\u00e9miques.<\/p>\n\n\n\n<p><strong>Cr\u00e9ation d\u2019habitats pour la faune<\/strong>&nbsp;: Am\u00e9nagement de haies s\u00e8ches, de tas de pierre, mares et autres refuges pour la biodiversit\u00e9.<\/p>\n\n\n\n<p><strong>Installation de syst\u00e8mes \u00e9cologiques<\/strong>&nbsp;: Mise en place de cuves de r\u00e9cup\u00e9ration d\u2019eau de pluie, syst\u00e8mes d\u2019irrigation \u00e9conomes en eau, et autres solutions pour une gestion durable des ressources naturelles.<\/p>\n\n\n\n<p><strong>Am\u00e9nagements esth\u00e9tiques<\/strong>&nbsp;: Ajout d\u2019\u00e9l\u00e9ments artistiques pour embellir l\u2019espace tout en respectant les principes de la nature.<\/p>\n\n\n\n<div class=\"wp-block-buttons is-content-justification-center is-layout-flex wp-container-core-buttons-is-layout-1 wp-block-buttons-is-layout-flex\">\n<div class=\"wp-block-button\"><a class=\"wp-block-button__link wp-element-button\" href=\"mailto:keyllforetjardin@gmail.com\">Contactez-nous<\/a><\/div>\n<\/div>\n","protected":false},"excerpt":{"rendered":"<p>Nos&nbsp;chantiers participatifs&nbsp;sont ouverts \u00e0 toutes et \u00e0 tous, quel que soit votre niveau d\u2019exp\u00e9rience. Ces journ\u00e9es de travail collectif sont l\u2019occasion de participer concr\u00e8tement \u00e0 l\u2019am\u00e9nagement du jardin, de d\u00e9couvrir nos techniques et pratiques de culture durable, et de vivre &hellip; <\/p>\n","protected":false},"author":1,"featured_media":0,"parent":0,"menu_order":0,"comment_status":"closed","ping_status":"closed","template":"","meta":{"om_disable_all_campaigns":false,"_monsterinsights_skip_tracking":false,"_monsterinsights_sitenote_active":false,"_monsterinsights_sitenote_note":"","_monsterinsights_sitenote_category":0,"footnotes":""},"class_list":["post-628","page","type-page","status-publish","hentry","latest_post"],"aioseo_notices":[],"_links":{"self":[{"href":"https:\/\/keyllforetjardin.com\/index.php\/wp-json\/wp\/v2\/pages\/628","targetHints":{"allow":["GET"]}}],"collection":[{"href":"https:\/\/keyllforetjardin.com\/index.php\/wp-json\/wp\/v2\/pages"}],"about":[{"href":"https:\/\/keyllforetjardin.com\/index.php\/wp-json\/wp\/v2\/types\/page"}],"author":[{"embeddable":true,"href":"https:\/\/keyllforetjardin.com\/index.php\/wp-json\/wp\/v2\/users\/1"}],"replies":[{"embeddable":true,"href":"https:\/\/keyllforetjardin.com\/index.php\/wp-json\/wp\/v2\/comments?post=628"}],"version-history":[{"count":4,"href":"https:\/\/keyllforetjardin.com\/index.php\/wp-json\/wp\/v2\/pages\/628\/revisions"}],"predecessor-version":[{"id":655,"href":"https:\/\/keyllforetjardin.com\/index.php\/wp-json\/wp\/v2\/pages\/628\/revisions\/655"}],"wp:attachment":[{"href":"https:\/\/keyllforetjardin.com\/index.php\/wp-json\/wp\/v2\/media?parent=628"}],"curies":[{"name":"wp","href":"https:\/\/api.w.org\/{rel}","templated":true}]}}