{"id":264,"date":"2024-01-20T15:32:42","date_gmt":"2024-01-20T14:32:42","guid":{"rendered":"https:\/\/keyllforetjardin.com\/?page_id=264"},"modified":"2025-02-23T21:34:28","modified_gmt":"2025-02-23T20:34:28","slug":"une-foret-jardin-cest-quoi","status":"publish","type":"page","link":"https:\/\/keyllforetjardin.com\/","title":{"rendered":""},"content":{"rendered":"\n<blockquote class=\"wp-block-quote is-layout-flow wp-block-quote-is-layout-flow\">\n<p>Cr\u00e9\u00e9e en f\u00e9vrier 2023, l\u2019association&nbsp;<strong>Keyll For\u00eat Jardin<\/strong>&nbsp;a pour mission de transformer un ancien terrain de poulailler de 2 hectares, situ\u00e9 \u00e0 Landevant, dans le Morbihan, en un lieu embl\u00e9matique de production et d\u2019\u00e9ducation durable. Le projet repose sur un mod\u00e8le novateur de&nbsp;<strong>for\u00eat-jardin<\/strong>, ax\u00e9 sur l\u2019autonomie alimentaire, la pr\u00e9servation de la biodiversit\u00e9 et l\u2019\u00e9ducation populaire.<\/p>\n<\/blockquote>\n\n\n\n<p>Notre ambition est de d\u00e9montrer qu\u2019un avenir durable est \u00e0 port\u00e9e de main en cr\u00e9ant un environnement productif tout en respectant la nature. Nous cultivons une grande diversit\u00e9 de plantes comestibles, m\u00e9dicinales, mais aussi des essences bois\u00e9es pour la production de mat\u00e9riaux et de bois d\u2019\u0153uvre. Le projet vise \u00e9galement \u00e0 renforcer les liens sociaux \u00e0 travers des \u00e9v\u00e9nements participatifs et des ateliers th\u00e9matiques.<\/p>\n\n\n\n<blockquote class=\"wp-block-quote is-layout-flow wp-block-quote-is-layout-flow\">\n<p>Au c\u0153ur de notre d\u00e9marche,&nbsp;<strong>Keyll For\u00eat Jardin<\/strong>&nbsp;aspire \u00e0 cr\u00e9er un avenir o\u00f9 les g\u00e9n\u00e9rations futures auront acc\u00e8s \u00e0 des solutions durables et r\u00e9silientes. Nous vous invitons \u00e0 d\u00e9couvrir cet espace unique, m\u00ealant biodiversit\u00e9, art et culture durable.<\/p>\n<\/blockquote>\n\n\n\n<h2 class=\"wp-block-heading\"><strong>Nos activit\u00e9s<\/strong><\/h2>\n\n\n\n<p><strong>Keyll For\u00eat Jardin<\/strong>&nbsp;propose une large gamme d\u2019activit\u00e9s visant \u00e0 promouvoir la biodiversit\u00e9, l\u2019agro\u00e9cologie, la permaculture et la gestion durable des espaces. Nous croyons fermement que la participation active et l\u2019\u00e9change de savoirs sont essentiels pour b\u00e2tir un avenir plus durable. D\u00e9couvrez toutes les activit\u00e9s que nous organisons :<\/p>\n\n\n\n<p><strong>Visites de jardin<\/strong>&nbsp;: Nous accueillons les visiteurs pour des visites guid\u00e9es de notre for\u00eat-jardin. Venez d\u00e9couvrir notre projet et explorer les diverses pratiques que nous mettons en place pour favoriser la biodiversit\u00e9 et l\u2019autonomie alimentaire, tout en respectant l\u2019\u00e9quilibre naturel.<\/p>\n\n\n\n<p><strong>Chantiers participatifs ouverts aux b\u00e9n\u00e9voles<\/strong>&nbsp;: Rejoignez-nous pour des journ\u00e9es de travail collectif et contribuez \u00e0 l\u2019am\u00e9nagement de notre jardin. C\u2019est une excellente opportunit\u00e9 pour d\u00e9couvrir nos pratiques et participer activement \u00e0 la transformation du site.<\/p>\n\n\n\n<p><strong>Ateliers th\u00e9matiques<\/strong>&nbsp;: Nous proposons des ateliers pratiques sur des sujets vari\u00e9s tels que la mise en oeuvre d\u2019une for\u00eat jardin, la biodiversit\u00e9 au jardin, l\u2019agro\u00e9cologie et la gestion durable des espaces. Ces ateliers sont accessibles \u00e0 toutes et tous, des d\u00e9butants.es aux passionn\u00e9.es.<\/p>\n\n\n\n<p><strong>F\u00eates de l\u2019automne et du printemps<\/strong>&nbsp;: Chaque saison, nous organisons des \u00e9v\u00e9nements conviviaux pour c\u00e9l\u00e9brer les cycles naturels. Ces moments sont l\u2019occasion de partager des savoir-faire et de cr\u00e9er du lien avec les habitants et les associations locales. Nous pouvons accueillir vos \u00e9v\u00e9nements \u00e9galement.<\/p>\n\n\n\n<p><strong>Conseils en cr\u00e9ation et am\u00e9nagement de jardins<\/strong>&nbsp;: Que vous soyez particulier, entreprise ou collectivit\u00e9, nous vous proposons un accompagnement personnalis\u00e9 pour la conception et l\u2019am\u00e9nagement de jardins durables. Nous vous guiderons dans le choix des plantes, des techniques d\u2019irrigation et de gestion de l\u2019espace, en nous appuyant sur les principes de l\u2019agro\u00e9cologie et de la permaculture.<\/p>\n\n\n\n<figure class=\"wp-block-image\"><img loading=\"lazy\" decoding=\"async\" width=\"1024\" height=\"669\" src=\"http:\/\/keyllforetjardin.com\/wp-content\/uploads\/2024\/05\/DRONEALEXIS-1-1024x669.jpg\" alt=\"\" class=\"wp-image-450\" srcset=\"https:\/\/keyllforetjardin.com\/wp-content\/uploads\/2024\/05\/DRONEALEXIS-1-1024x669.jpg 1024w, https:\/\/keyllforetjardin.com\/wp-content\/uploads\/2024\/05\/DRONEALEXIS-1-300x196.jpg 300w, https:\/\/keyllforetjardin.com\/wp-content\/uploads\/2024\/05\/DRONEALEXIS-1-768x502.jpg 768w, https:\/\/keyllforetjardin.com\/wp-content\/uploads\/2024\/05\/DRONEALEXIS-1-1536x1004.jpg 1536w, https:\/\/keyllforetjardin.com\/wp-content\/uploads\/2024\/05\/DRONEALEXIS-1-2048x1338.jpg 2048w, https:\/\/keyllforetjardin.com\/wp-content\/uploads\/2024\/05\/DRONEALEXIS-1-92x60.jpg 92w\" sizes=\"auto, (max-width: 1024px) 100vw, 1024px\" \/><\/figure>\n\n\n\n<h2 class=\"wp-block-heading\">Keyll, C\u2019est qui ?<\/h2>\n\n\n\n<p><strong>Keyll For\u00eat Jardin<\/strong>&nbsp;a \u00e9t\u00e9 fond\u00e9e par&nbsp;<strong>Yseult Digan<\/strong>&nbsp;et&nbsp;<strong>Erwan Riveau<\/strong>, deux passionn\u00e9s engag\u00e9s pour la pr\u00e9servation de l\u2019environnement et la promotion de pratiques agricoles durables.<\/p>\n\n\n\n<p><strong>Yseult Digan<\/strong>, artiste plasticienne et vid\u00e9aste, est reconnue dans le monde du street art. Form\u00e9e \u00e0 la vannerie, au tissage, \u00e0 la sculpture sur bois vert et \u00e0 l\u2019herboristerie, elle est \u00e9galement une passionn\u00e9e de yoga. Son approche artistique nourrit le projet, en ajoutant une dimension po\u00e9tique et esth\u00e9tique \u00e0 la transformation du site.<\/p>\n\n\n\n<p><strong>Erwan Riveau<\/strong>, horticulteur, mara\u00eecher et animateur en agro\u00e9cologie, a plus de 25 ans d\u2019exp\u00e9rience dans la production de plantes fleuries et d\u2019arbustes, ainsi que dans le mara\u00eechage biologique. Il a \u00e9galement particip\u00e9 \u00e0 la cr\u00e9ation d\u2019une ferme mara\u00eech\u00e8re d\u2019insertion, visant \u00e0 favoriser l\u2019acc\u00e8s \u00e0 l\u2019agriculture durable au sein de l\u2019association Optim\u2019ism.<\/p>\n","protected":false},"excerpt":{"rendered":"<p>Cr\u00e9\u00e9e en f\u00e9vrier 2023, l\u2019association&nbsp;Keyll For\u00eat Jardin&nbsp;a pour mission de transformer un ancien terrain de poulailler de 2 hectares, situ\u00e9 \u00e0 Landevant, dans le Morbihan, en un lieu embl\u00e9matique de production et d\u2019\u00e9ducation durable. Le projet repose sur un mod\u00e8le &hellip; <\/p>\n","protected":false},"author":1,"featured_media":0,"parent":0,"menu_order":0,"comment_status":"closed","ping_status":"closed","template":"","meta":{"om_disable_all_campaigns":false,"_monsterinsights_skip_tracking":false,"_monsterinsights_sitenote_active":false,"_monsterinsights_sitenote_note":"","_monsterinsights_sitenote_category":0,"footnotes":""},"class_list":["post-264","page","type-page","status-publish","hentry","latest_post"],"aioseo_notices":[],"_links":{"self":[{"href":"https:\/\/keyllforetjardin.com\/index.php\/wp-json\/wp\/v2\/pages\/264","targetHints":{"allow":["GET"]}}],"collection":[{"href":"https:\/\/keyllforetjardin.com\/index.php\/wp-json\/wp\/v2\/pages"}],"about":[{"href":"https:\/\/keyllforetjardin.com\/index.php\/wp-json\/wp\/v2\/types\/page"}],"author":[{"embeddable":true,"href":"https:\/\/keyllforetjardin.com\/index.php\/wp-json\/wp\/v2\/users\/1"}],"replies":[{"embeddable":true,"href":"https:\/\/keyllforetjardin.com\/index.php\/wp-json\/wp\/v2\/comments?post=264"}],"version-history":[{"count":21,"href":"https:\/\/keyllforetjardin.com\/index.php\/wp-json\/wp\/v2\/pages\/264\/revisions"}],"predecessor-version":[{"id":639,"href":"https:\/\/keyllforetjardin.com\/index.php\/wp-json\/wp\/v2\/pages\/264\/revisions\/639"}],"wp:attachment":[{"href":"https:\/\/keyllforetjardin.com\/index.php\/wp-json\/wp\/v2\/media?parent=264"}],"curies":[{"name":"wp","href":"https:\/\/api.w.org\/{rel}","templated":true}]}}